{"id":31,"date":"2022-04-03T10:12:28","date_gmt":"2022-04-03T10:12:28","guid":{"rendered":"https:\/\/colore-art.ch\/?page_id=31"},"modified":"2024-11-23T11:12:38","modified_gmt":"2024-11-23T11:12:38","slug":"ueber-mich","status":"publish","type":"page","link":"https:\/\/colore-art.ch\/?page_id=31","title":{"rendered":"\u00dcber mich"},"content":{"rendered":"\n<p class=\"has-medium-font-size\"><strong>Corinne Lore Jehle-Bovy<\/strong><br><strong>colore-art.ch<\/strong><\/p>\n\n\n\n<figure class=\"wp-block-image size-full\"><img loading=\"lazy\" decoding=\"async\" width=\"1827\" height=\"2542\" src=\"https:\/\/colore-art.ch\/wp-content\/uploads\/2024\/11\/DSC_0658-1.jpg\" alt=\"\" class=\"wp-image-1311\" srcset=\"https:\/\/colore-art.ch\/wp-content\/uploads\/2024\/11\/DSC_0658-1.jpg 1827w, https:\/\/colore-art.ch\/wp-content\/uploads\/2024\/11\/DSC_0658-1-216x300.jpg 216w, https:\/\/colore-art.ch\/wp-content\/uploads\/2024\/11\/DSC_0658-1-736x1024.jpg 736w, https:\/\/colore-art.ch\/wp-content\/uploads\/2024\/11\/DSC_0658-1-768x1069.jpg 768w, https:\/\/colore-art.ch\/wp-content\/uploads\/2024\/11\/DSC_0658-1-1104x1536.jpg 1104w, https:\/\/colore-art.ch\/wp-content\/uploads\/2024\/11\/DSC_0658-1-1472x2048.jpg 1472w\" sizes=\"auto, (max-width: 706px) 89vw, (max-width: 767px) 82vw, 740px\" \/><\/figure>\n\n\n\n<p class=\"has-drop-cap\">Geboren in der Romandie, lebe ich seit Jahren in der Deutschschweiz. <br>Kreativit\u00e4t war schon immer ein Teil meines Lebens. Von meiner Mutter, die im Zeichnen und Malen auf Porzellan begabt ist, wuchs in mir auch der Wunsch, einen kreativen Weg zu gehen. Mit 19 Jahren und meinem ersten selbstverdienten Geld, begann ich mit der Malerei. Nach Jahren mit Porzellanmalerei, \u00d6lmalerei und Schmuckkreation fand ich mein Gl\u00fcck in der Acrylmalerei. <br>Einen Grossteil meiner Freizeit verbringe ich mit der Malerei. Dieses Abenteuer erm\u00f6glicht es mir, in eine andere Welt zu fl\u00fcchten. Es gibt mir Energie und gleicht mich aus. <br>Ich male Abstraktes, weil ich gerne Raum f\u00fcr Phantasie lasse. Da ich Ver\u00e4nderungen in der Natur mag, finden sich in meinen Werken Themen wie Erosion, Rost und \u00e4hnlichem. Aber immer auch der schlichte und beruhigende Stil in den Farben der Natur. <\/p>\n\n\n\n<p>Wenn Sie sich f\u00fcr eines meiner Werke interessieren, kontaktieren Sie mich:<\/p>\n\n\n\n<p class=\"has-text-align-right\">corinne@jehle-bovy.ch<br>+41 76 324 91 16<\/p>\n\n\n\n<div style=\"height:50px\" aria-hidden=\"true\" class=\"wp-block-spacer\"><\/div>\n\n\n\n<hr class=\"wp-block-separator has-text-color has-white-color has-css-opacity has-white-background-color has-background is-style-default\"\/>\n\n\n\n<div style=\"height:50px\" aria-hidden=\"true\" class=\"wp-block-spacer\"><\/div>\n\n\n\n<p class=\"has-drop-cap\">N\u00e9e en Suisse romande, je vis depuis des ann\u00e9es en Suisse al\u00e9manique. La cr\u00e9ativit\u00e9 a toujours fait partie de ma vie. D&#8217;une maman dou\u00e9e en dessin et en peinture sur porcelaine, le d\u00e9sir de suivre une voie cr\u00e9ative a \u00e9galement grandi en moi. \u00c0 l&#8217;\u00e2ge de 19 ans et avec mon premier salaire, j&#8217;ai commenc\u00e9 \u00e0 prendre des cours de peinture. Apr\u00e8s des ann\u00e9es de peinture sur porcelaine, de peinture \u00e0 l&#8217;huile et de cr\u00e9ation de bijoux, j&#8217;ai trouv\u00e9 mon bonheur dans la peinture acrylique.<br>Je consacre une grande partie de mon temps libre \u00e0 la peinture. Cette aventure me permet de m&#8217;\u00e9vader dans un autre monde. Cela me donne de l&#8217;\u00e9nergie et m&#8217;\u00e9quilibre.<br>Je peins de l&#8217;abstrait parce que j&#8217;aime laisser de la place \u00e0 l&#8217;imagination. Comme j&#8217;aime les changements dans la nature, on retrouve dans mes \u0153uvres des th\u00e8mes comme l&#8217;\u00e9rosion, la rouille et autres. Mais aussi toujours le style \u00e9pur\u00e9 et apaisant dans les couleurs de la nature.<\/p>\n\n\n\n<p>Si une de mes oeuvres vous int\u00e9resse, contactez-moi:<\/p>\n\n\n\n<p class=\"has-text-align-right\">corinne@jehle-bovy.ch<br>+41 76 324 91 16<\/p>\n","protected":false},"excerpt":{"rendered":"<p>Corinne Lore Jehle-Bovycolore-art.ch Geboren in der Romandie, lebe ich seit Jahren in der Deutschschweiz. Kreativit\u00e4t war schon immer ein Teil meines Lebens. Von meiner Mutter, die im Zeichnen und Malen auf Porzellan begabt ist, wuchs in mir auch der Wunsch, einen kreativen Weg zu gehen. Mit 19 Jahren und meinem ersten selbstverdienten Geld, begann ich &hellip; <\/p>\n<p class=\"link-more\"><a href=\"https:\/\/colore-art.ch\/?page_id=31\" class=\"more-link\"><span class=\"screen-reader-text\">\u201e\u00dcber mich\u201c <\/span>weiterlesen<\/a><\/p>\n","protected":false},"author":1,"featured_media":0,"parent":0,"menu_order":0,"comment_status":"closed","ping_status":"open","template":"","meta":{"_monsterinsights_skip_tracking":false,"_monsterinsights_sitenote_active":false,"_monsterinsights_sitenote_note":"","_monsterinsights_sitenote_category":0,"_uf_show_specific_survey":0,"_uf_disable_surveys":false,"footnotes":""},"class_list":["post-31","page","type-page","status-publish","hentry"],"aioseo_notices":[],"_links":{"self":[{"href":"https:\/\/colore-art.ch\/index.php?rest_route=\/wp\/v2\/pages\/31","targetHints":{"allow":["GET"]}}],"collection":[{"href":"https:\/\/colore-art.ch\/index.php?rest_route=\/wp\/v2\/pages"}],"about":[{"href":"https:\/\/colore-art.ch\/index.php?rest_route=\/wp\/v2\/types\/page"}],"author":[{"embeddable":true,"href":"https:\/\/colore-art.ch\/index.php?rest_route=\/wp\/v2\/users\/1"}],"replies":[{"embeddable":true,"href":"https:\/\/colore-art.ch\/index.php?rest_route=%2Fwp%2Fv2%2Fcomments&post=31"}],"version-history":[{"count":38,"href":"https:\/\/colore-art.ch\/index.php?rest_route=\/wp\/v2\/pages\/31\/revisions"}],"predecessor-version":[{"id":1312,"href":"https:\/\/colore-art.ch\/index.php?rest_route=\/wp\/v2\/pages\/31\/revisions\/1312"}],"wp:attachment":[{"href":"https:\/\/colore-art.ch\/index.php?rest_route=%2Fwp%2Fv2%2Fmedia&parent=31"}],"curies":[{"name":"wp","href":"https:\/\/api.w.org\/{rel}","templated":true}]}}