{"id":202,"date":"2022-04-07T19:09:56","date_gmt":"2022-04-07T19:09:56","guid":{"rendered":"https:\/\/colore-art.ch\/?page_id=202"},"modified":"2024-11-24T12:51:45","modified_gmt":"2024-11-24T12:51:45","slug":"material-und-informationen","status":"publish","type":"page","link":"https:\/\/colore-art.ch\/?page_id=202","title":{"rendered":"Informationen"},"content":{"rendered":"\n<p>Jedes meiner Werke ist ein Unikat.<\/p>\n\n\n\n<p>Als Leinwand verwende ich Keilrahmen  aus Holz,  meistens Fichte,  \u00f6kologisch verarbeitet mit hochwertiger Baumwolle bespannt.<\/p>\n\n\n\n<p>Die Farben enthalten reine Pigmente und einen sehr hohen Lichtechtheitsgrad. Sie sind geruchsneutral.<\/p>\n\n\n\n<p>F\u00fcr die Struktur ben\u00fctze ich Sand, Marmorpulver, Aluminium, Paste, Karton und \u00e4hnliche Materialien.<\/p>\n\n\n\n<p>Alle meine Bilder sind mehrmals mit einem Schlusslack versehen. Der Lack sch\u00fctzt vor UV-Strahlen und Farbver\u00e4nderung sowie Staub und Verschmutzung. Gleichzeitig erh\u00f6ht er die Farbintensit\u00e4t.<\/p>\n\n\n\n<p>Meine Signatur kann sich, je nach Interpretation des Bildes, auf der Vorderseite, seitlich oder auf der R\u00fcckseite befinden.<\/p>\n\n\n\n<p>Die Bilder wurden bei Tageslicht aufgenommen. Aufgrund der digitalen Darstellung kann es zu farblichen Abweichungen kommen. <br>Die Bilder k\u00f6nnen unverbindlich angesehen werden. <\/p>\n\n\n\n<p>Die Dimensionen sind jeweils unterhalb des Bildes angegeben. Pr\u00fcfen Sie, ob das Format f\u00fcr den Ort geeignet ist, an dem Sie das Bild aufh\u00e4ngen m\u00f6chten.<\/p>\n\n\n\n<hr class=\"wp-block-separator has-text-color has-white-color has-css-opacity has-white-background-color has-background is-style-default\"\/>\n\n\n\n<p class=\"has-medium-font-size\">Informations<\/p>\n\n\n\n<p>Chacune de mes cr\u00e9ations est unique.<\/p>\n\n\n\n<p>Les ch\u00e2ssis et les toiles sont fabriqu\u00e9s en coton de qualit\u00e9 sup\u00e9rieure et en bois comme l\u2019\u00e9pic\u00e9a, trait\u00e9 \u00e9cologiquement.<\/p>\n\n\n\n<p>Les couleurs contiennent des pigments purs et ont un degr\u00e9 de r\u00e9sistance \u00e0 la lumi\u00e8re tr\u00e8s \u00e9lev\u00e9. Elles sont neutres en terme d\u2019odeur.<\/p>\n\n\n\n<p>Pour les structures j\u2019utilise du sable, de la poudre de marbre, de l\u2019aluminium, de la p\u00e2te, du carton etc.<\/p>\n\n\n\n<p>Tous mes tableaux sont recouverts plusieurs fois d\u2019un vernis de finition. Le vernis a un r\u00f4le de protection contre les UV, la poussi\u00e8re, la pollution de l\u2019air et surtout il augmente l\u2019\u00e9clat des couleurs.<\/p>\n\n\n\n<p>Ma signature peut se trouver sur le devant, le c\u00f4t\u00e9 ou le derri\u00e8re du tableau selon l\u2019interpr\u00e9tation de ma peinture.<\/p>\n\n\n\n<p>Les photos des tableaux ont \u00e9t\u00e9 prises \u00e0 la lumi\u00e8re du jour. En raison de la repr\u00e9sentation num\u00e9rique, il peut y avoir des \u00e9carts de couleur. <br>Les tableaux peuvent \u00eatre visualis\u00e9s sans engagement.<\/p>\n\n\n\n<p>La grandeur du tableau est indiqu\u00e9e sous la photo. V\u00e9rifiez si le format est adapt\u00e9 pour l\u2019endroit o\u00f9 vous d\u00e9sirez l\u2019accrocher.<\/p>\n\n\n\n<p><\/p>\n","protected":false},"excerpt":{"rendered":"<p>Jedes meiner Werke ist ein Unikat. Als Leinwand verwende ich Keilrahmen aus Holz, meistens Fichte, \u00f6kologisch verarbeitet mit hochwertiger Baumwolle bespannt. Die Farben enthalten reine Pigmente und einen sehr hohen Lichtechtheitsgrad. Sie sind geruchsneutral. F\u00fcr die Struktur ben\u00fctze ich Sand, Marmorpulver, Aluminium, Paste, Karton und \u00e4hnliche Materialien. Alle meine Bilder sind mehrmals mit einem Schlusslack &hellip; <\/p>\n<p class=\"link-more\"><a href=\"https:\/\/colore-art.ch\/?page_id=202\" class=\"more-link\"><span class=\"screen-reader-text\">\u201eInformationen\u201c <\/span>weiterlesen<\/a><\/p>\n","protected":false},"author":1,"featured_media":0,"parent":0,"menu_order":0,"comment_status":"closed","ping_status":"open","template":"","meta":{"_monsterinsights_skip_tracking":false,"_monsterinsights_sitenote_active":false,"_monsterinsights_sitenote_note":"","_monsterinsights_sitenote_category":0,"_uf_show_specific_survey":0,"_uf_disable_surveys":false,"footnotes":""},"class_list":["post-202","page","type-page","status-publish","hentry"],"aioseo_notices":[],"_links":{"self":[{"href":"https:\/\/colore-art.ch\/index.php?rest_route=\/wp\/v2\/pages\/202","targetHints":{"allow":["GET"]}}],"collection":[{"href":"https:\/\/colore-art.ch\/index.php?rest_route=\/wp\/v2\/pages"}],"about":[{"href":"https:\/\/colore-art.ch\/index.php?rest_route=\/wp\/v2\/types\/page"}],"author":[{"embeddable":true,"href":"https:\/\/colore-art.ch\/index.php?rest_route=\/wp\/v2\/users\/1"}],"replies":[{"embeddable":true,"href":"https:\/\/colore-art.ch\/index.php?rest_route=%2Fwp%2Fv2%2Fcomments&post=202"}],"version-history":[{"count":36,"href":"https:\/\/colore-art.ch\/index.php?rest_route=\/wp\/v2\/pages\/202\/revisions"}],"predecessor-version":[{"id":1335,"href":"https:\/\/colore-art.ch\/index.php?rest_route=\/wp\/v2\/pages\/202\/revisions\/1335"}],"wp:attachment":[{"href":"https:\/\/colore-art.ch\/index.php?rest_route=%2Fwp%2Fv2%2Fmedia&parent=202"}],"curies":[{"name":"wp","href":"https:\/\/api.w.org\/{rel}","templated":true}]}}